{"id":1684,"date":"2025-08-12T17:18:08","date_gmt":"2025-08-12T09:18:08","guid":{"rendered":"https:\/\/alexandave.com\/?page_id=1684"},"modified":"2026-02-21T15:55:35","modified_gmt":"2026-02-21T07:55:35","slug":"sitemap","status":"publish","type":"page","link":"https:\/\/alexandave.com\/vi\/sitemap\/","title":{"rendered":"\u7db2\u7ad9\u5730\u5716"},"content":{"rendered":"<div data-elementor-type=\"wp-post\" data-elementor-id=\"1684\" class=\"elementor elementor-1684\" data-elementor-post-type=\"page\">\n\t\t\t\t<div data-particle_enable=\"false\" data-particle-mobile-disabled=\"false\" class=\"elementor-element elementor-element-3232239d e-flex e-con-boxed e-con e-parent\" data-id=\"3232239d\" data-element_type=\"container\" data-e-type=\"container\" data-settings=\"{&quot;background_background&quot;:&quot;classic&quot;}\">\n\t\t\t\t\t<div class=\"e-con-inner\">\n\t\t<div data-particle_enable=\"false\" data-particle-mobile-disabled=\"false\" class=\"elementor-element elementor-element-5e7d9dd2 e-con-full e-flex e-con e-child\" data-id=\"5e7d9dd2\" data-element_type=\"container\" data-e-type=\"container\">\n\t\t\t\t<div class=\"elementor-element elementor-element-58cc7f75 elementor-widget elementor-widget-heading\" data-id=\"58cc7f75\" data-element_type=\"widget\" data-e-type=\"widget\" data-widget_type=\"heading.default\">\n\t\t\t\t\t\t<div class=\"elementor-widget-container\">\n\t\t\t\t\t<h1 class=\"elementor-heading-title elementor-size-default\">H1\u7b49\u7d1a\u526f\u6a19<\/h1>\t\t\t\t<\/div>\n\t\t\t\t<\/div>\n\t\t\t\t<div class=\"elementor-element elementor-element-30b56f9d elementor-widget elementor-widget-heading\" data-id=\"30b56f9d\" data-element_type=\"widget\" data-e-type=\"widget\" data-widget_type=\"heading.default\">\n\t\t\t\t\t\t<div class=\"elementor-widget-container\">\n\t\t\t\t\t<p class=\"elementor-heading-title elementor-size-default\">\u6709\u8f49\u63db\u7387\u7684\u6a19\u8a9e<p><\/p>\t\t\t\t<\/div>\n\t\t\t\t<\/div>\n\t\t\t\t<div class=\"elementor-element elementor-element-406b360a elementor-widget elementor-widget-text-editor\" data-id=\"406b360a\" data-element_type=\"widget\" data-e-type=\"widget\" data-widget_type=\"text-editor.default\">\n\t\t\t\t\t\t<div class=\"elementor-widget-container\">\n\t\t\t\t\t\t\t\t\t<p>Ornare dictum suspendisse corrupti class. Ipsum sit malesuada velit rutrum aenean laboriosam, magni facilisis optio.\u00a0Perferendis morb.<\/p>\t\t\t\t\t\t\t\t<\/div>\n\t\t\t\t<\/div>\n\t\t\t\t<\/div>\n\t\t\t\t\t<\/div>\n\t\t\t\t<\/div>\n\t\t<div data-particle_enable=\"false\" data-particle-mobile-disabled=\"false\" class=\"elementor-element elementor-element-3b800f8 e-flex e-con-boxed e-con e-parent\" data-id=\"3b800f8\" data-element_type=\"container\" data-e-type=\"container\">\n\t\t\t\t\t<div class=\"e-con-inner\">\n\t\t\t\t<div class=\"elementor-element elementor-element-566c6ab4 elementor-widget elementor-widget-shortcode\" data-id=\"566c6ab4\" data-element_type=\"widget\" data-e-type=\"widget\" data-widget_type=\"shortcode.default\">\n\t\t\t\t\t\t<div class=\"elementor-widget-container\">\n\t\t\t\t\t\t\t<div class=\"elementor-shortcode\">\t\t<div data-elementor-type=\"container\" data-elementor-id=\"2557\" class=\"elementor elementor-2557\" data-elementor-post-type=\"elementor_library\">\n\t\t\t\t<div data-particle_enable=\"false\" data-particle-mobile-disabled=\"false\" class=\"elementor-element elementor-element-6a9ca65d e-flex e-con-boxed e-con e-parent\" data-id=\"6a9ca65d\" data-element_type=\"container\" data-e-type=\"container\">\n\t\t\t\t\t<div class=\"e-con-inner\">\n\t\t\t\t<div class=\"elementor-element elementor-element-757b56d5 elementor-align-left elementor-widget elementor-widget-breadcrumbs\" data-id=\"757b56d5\" data-element_type=\"widget\" data-e-type=\"widget\" data-widget_type=\"breadcrumbs.default\">\n\t\t\t\t\t\t<div class=\"elementor-widget-container\">\n\t\t\t\t\t<p><span class=\"last\">Trang ch\u1ee7<\/span><\/p>\t\t\t\t<\/div>\n\t\t\t\t<\/div>\n\t\t\t\t\t<\/div>\n\t\t\t\t<\/div>\n\t\t\t\t<\/div>\n\t\t<\/div>\n\t\t\t\t\t\t<\/div>\n\t\t\t\t<\/div>\n\t\t\t\t\t<\/div>\n\t\t\t\t<\/div>\n\t\t<div data-particle_enable=\"false\" data-particle-mobile-disabled=\"false\" class=\"elementor-element elementor-element-ba9fd17 e-flex e-con-boxed e-con e-parent\" data-id=\"ba9fd17\" data-element_type=\"container\" data-e-type=\"container\">\n\t\t\t\t\t<div class=\"e-con-inner\">\n\t\t\t\t<div class=\"elementor-element elementor-element-0935dcf elementor-widget elementor-widget-shortcode\" data-id=\"0935dcf\" data-element_type=\"widget\" data-e-type=\"widget\" data-widget_type=\"shortcode.default\">\n\t\t\t\t\t\t<div class=\"elementor-widget-container\">\n\t\t\t\t\t\t\t<div class=\"elementor-shortcode\">\t\t<div data-elementor-type=\"container\" data-elementor-id=\"2748\" class=\"elementor elementor-2748\" data-elementor-post-type=\"elementor_library\">\n\t\t\t\t<div data-particle_enable=\"false\" data-particle-mobile-disabled=\"false\" class=\"elementor-element elementor-element-30135c86 e-con-full e-flex e-con e-parent\" data-id=\"30135c86\" data-element_type=\"container\" data-e-type=\"container\" data-settings=\"{&quot;background_background&quot;:&quot;classic&quot;}\">\n\t\t<div data-particle_enable=\"false\" data-particle-mobile-disabled=\"false\" class=\"elementor-element elementor-element-2bc7ad11 e-con-full e-flex e-con e-child\" data-id=\"2bc7ad11\" data-element_type=\"container\" data-e-type=\"container\">\n\t\t\t\t<div class=\"elementor-element elementor-element-7deb0b95 elementor-widget elementor-widget-image\" data-id=\"7deb0b95\" data-element_type=\"widget\" data-e-type=\"widget\" data-widget_type=\"image.default\">\n\t\t\t\t\t\t<div class=\"elementor-widget-container\">\n\t\t\t\t\t\t\t\t\t\t\t\t\t\t\t\t<a href=\"\/vi\/home\/\">\n\t\t\t\t\t\t\t<img fetchpriority=\"high\" decoding=\"async\" width=\"1130\" height=\"212\" src=\"https:\/\/alexandave.com\/wp-content\/uploads\/2026\/02\/Alexandave-LOGO-Grey.svg\" class=\"attachment-full size-full wp-image-2834\" alt=\"\" title=\"\">\t\t\t\t\t\t\t\t<\/a>\n\t\t\t\t\t\t\t\t\t\t\t\t\t\t\t<\/div>\n\t\t\t\t<\/div>\n\t\t\t\t<div class=\"elementor-element elementor-element-1e10448b elementor-widget elementor-widget-heading\" data-id=\"1e10448b\" data-element_type=\"widget\" data-e-type=\"widget\" data-widget_type=\"heading.default\">\n\t\t\t\t\t\t<div class=\"elementor-widget-container\">\n\t\t\t\t\t<h5 class=\"elementor-heading-title elementor-size-default\">C\u00f4ng ty TNHH ALEXANDAVE INDUSTRIES.<\/h5>\t\t\t\t<\/div>\n\t\t\t\t<\/div>\n\t\t\t\t<div class=\"elementor-element elementor-element-797e7c7d elementor-icon-list--layout-traditional elementor-list-item-link-full_width elementor-widget elementor-widget-icon-list\" data-id=\"797e7c7d\" data-element_type=\"widget\" data-e-type=\"widget\" data-widget_type=\"icon-list.default\">\n\t\t\t\t\t\t<div class=\"elementor-widget-container\">\n\t\t\t\t\t\t\t<ul class=\"elementor-icon-list-items\">\n\t\t\t\t\t\t\t<li class=\"elementor-icon-list-item\">\n\t\t\t\t\t\t\t\t\t\t\t<span class=\"elementor-icon-list-icon\">\n\t\t\t\t\t\t\t<i aria-hidden=\"true\" class=\"fas fa-phone\"><\/i>\t\t\t\t\t\t<\/span>\n\t\t\t\t\t\t\t\t\t\t<span class=\"elementor-icon-list-text\">+886-2-26002671<\/span>\n\t\t\t\t\t\t\t\t\t<\/li>\n\t\t\t\t\t\t\t\t<li class=\"elementor-icon-list-item\">\n\t\t\t\t\t\t\t\t\t\t\t<span class=\"elementor-icon-list-icon\">\n\t\t\t\t\t\t\t<i aria-hidden=\"true\" class=\"fas fa-fax\"><\/i>\t\t\t\t\t\t<\/span>\n\t\t\t\t\t\t\t\t\t\t<span class=\"elementor-icon-list-text\">+886-2-26002670<\/span>\n\t\t\t\t\t\t\t\t\t<\/li>\n\t\t\t\t\t\t\t\t<li class=\"elementor-icon-list-item\">\n\t\t\t\t\t\t\t\t\t\t\t<span class=\"elementor-icon-list-icon\">\n\t\t\t\t\t\t\t<i aria-hidden=\"true\" class=\"fas fa-map-marked-alt\"><\/i>\t\t\t\t\t\t<\/span>\n\t\t\t\t\t\t\t\t\t\t<span class=\"elementor-icon-list-text\">T\u1ea7ng 8, S\u1ed1 208, Ph\u1ed1 Wenhua 1, Khu 1, Qu\u1eadn Linkou, 24447, Th\u00e0nh ph\u1ed1 T\u00e2n B\u1eafc, \u0110\u00e0i Loan<\/span>\n\t\t\t\t\t\t\t\t\t<\/li>\n\t\t\t\t\t\t\t\t<li class=\"elementor-icon-list-item\">\n\t\t\t\t\t\t\t\t\t\t\t<a href=\"\/vi\/lien-he-voi-chung-toi\/\">\n\n\t\t\t\t\t\t\t\t\t\t\t\t<span class=\"elementor-icon-list-icon\">\n\t\t\t\t\t\t\t<i aria-hidden=\"true\" class=\"fas fa-mail-bulk\"><\/i>\t\t\t\t\t\t<\/span>\n\t\t\t\t\t\t\t\t\t\t<span class=\"elementor-icon-list-text\">alex1168@alexandave.com<\/span>\n\t\t\t\t\t\t\t\t\t\t\t<\/a>\n\t\t\t\t\t\t\t\t\t<\/li>\n\t\t\t\t\t\t<\/ul>\n\t\t\t\t\t\t<\/div>\n\t\t\t\t<\/div>\n\t\t\t\t<\/div>\n\t\t<div data-particle_enable=\"false\" data-particle-mobile-disabled=\"false\" class=\"elementor-element elementor-element-44f2ea01 e-con-full elementor-hidden-mobile e-flex e-con e-child\" data-id=\"44f2ea01\" data-element_type=\"container\" data-e-type=\"container\">\n\t\t\t\t<div class=\"elementor-element elementor-element-60c5038c elementor-widget elementor-widget-eael-divider\" data-id=\"60c5038c\" data-element_type=\"widget\" data-e-type=\"widget\" data-widget_type=\"eael-divider.default\">\n\t\t\t\t\t\t<div class=\"elementor-widget-container\">\n\t\t\t\t\t\t\t<div class=\"eael-divider-wrap divider-direction-vertical\">\n\t\t\t\t\t\t\t<div class=\"eael-divider vertical solid\"><\/div>\n\t\t\t\t\t<\/div>\n\t\t\t\t<\/div>\n\t\t\t\t<\/div>\n\t\t\t\t<\/div>\n\t\t<div data-particle_enable=\"false\" data-particle-mobile-disabled=\"false\" class=\"elementor-element elementor-element-7573b781 e-con-full elementor-hidden-mobile e-flex e-con e-child\" data-id=\"7573b781\" data-element_type=\"container\" data-e-type=\"container\">\n\t\t\t\t<div class=\"elementor-element elementor-element-550b9ded elementor-widget elementor-widget-heading\" data-id=\"550b9ded\" data-element_type=\"widget\" data-e-type=\"widget\" data-widget_type=\"heading.default\">\n\t\t\t\t\t\t<div class=\"elementor-widget-container\">\n\t\t\t\t\t<h4 class=\"elementor-heading-title elementor-size-default\">Th\u1ef1c \u0111\u01a1n<\/h4>\t\t\t\t<\/div>\n\t\t\t\t<\/div>\n\t\t\t\t<div class=\"elementor-element elementor-element-11099b25 elementor-widget elementor-widget-text-editor\" data-id=\"11099b25\" data-element_type=\"widget\" data-e-type=\"widget\" data-widget_type=\"text-editor.default\">\n\t\t\t\t\t\t<div class=\"elementor-widget-container\">\n\t\t\t\t\t\t\t\t\t<p><a href=\"https:\/\/alexandave.com\/vi\/gioi-thieu-ve-nha-may-san-xuat-thiet-bi-the-duc-the-thao-cua-chung-toi\/\">Gi\u1edbi thi\u1ec7u<\/a><\/p><p><a href=\"\/vi\/nhung-loi-the-ve-nang-luc-san-xuat-thiet-bi-the-duc-the-thao\/\">\u01afu \u0111i\u1ec3m<\/a><\/p><p><a href=\"https:\/\/alexandave.com\/vi\/oem-odm\/\">OEM\/ODM<\/a><\/p><p><a href=\"https:\/\/alexandave.com\/vi\/nhung-phan-tich-ve-nganh-thiet-bi-the-duc\/\">Nh\u1eefng ph\u00e2n t\u00edch s\u00e2u s\u1eafc<\/a><\/p><p><a href=\"\/vi\/cau-hoi-thuong-gap\/\">C\u00e2u h\u1ecfi th\u01b0\u1eddng g\u1eb7p<\/a><\/p><p><a href=\"https:\/\/alexandave.com\/vi\/lien-he-voi-chung-toi\/\">Li\u00ean h\u1ec7 v\u1edbi ch\u00fang t\u00f4i<\/a><\/p>\t\t\t\t\t\t\t\t<\/div>\n\t\t\t\t<\/div>\n\t\t\t\t<\/div>\n\t\t<div data-particle_enable=\"false\" data-particle-mobile-disabled=\"false\" class=\"elementor-element elementor-element-7704dd6 e-con-full elementor-hidden-tablet elementor-hidden-mobile e-flex e-con e-child\" data-id=\"7704dd6\" data-element_type=\"container\" data-e-type=\"container\">\n\t\t\t\t<div class=\"elementor-element elementor-element-6d0dd89 elementor-widget elementor-widget-heading\" data-id=\"6d0dd89\" data-element_type=\"widget\" data-e-type=\"widget\" data-widget_type=\"heading.default\">\n\t\t\t\t\t\t<div class=\"elementor-widget-container\">\n\t\t\t\t\t<h4 class=\"elementor-heading-title elementor-size-default\">S\u1ea3n ph\u1ea9m<\/h4>\t\t\t\t<\/div>\n\t\t\t\t<\/div>\n\t\t\t\t<div class=\"elementor-element elementor-element-41b1690d elementor-widget elementor-widget-text-editor\" data-id=\"41b1690d\" data-element_type=\"widget\" data-e-type=\"widget\" data-widget_type=\"text-editor.default\">\n\t\t\t\t\t\t<div class=\"elementor-widget-container\">\n\t\t\t\t\t\t\t\t\t<p><a href=\"https:\/\/alexandave.com\/vi\/san-pham\/strength-equipment-manufacturer\/\">Thi\u1ebft b\u1ecb t\u1eadp luy\u1ec7n s\u1ee9c m\u1ea1nh<\/a><\/p><p><a href=\"https:\/\/alexandave.com\/vi\/san-pham\/senior-fitness-equipment-manufacturer\/\">Th\u1ec3 d\u1ee5c cho ng\u01b0\u1eddi cao tu\u1ed5i<\/a><\/p><p><a href=\"https:\/\/alexandave.com\/vi\/san-pham\/pilates-equipment-manufacturer\/\">D\u1ee5ng c\u1ee5 t\u1eadp Pilates<\/a><\/p>\t\t\t\t\t\t\t\t<\/div>\n\t\t\t\t<\/div>\n\t\t\t\t<\/div>\n\t\t<div data-particle_enable=\"false\" data-particle-mobile-disabled=\"false\" class=\"elementor-element elementor-element-6a1edc6 e-con-full elementor-hidden-tablet elementor-hidden-mobile e-flex e-con e-child\" data-id=\"6a1edc6\" data-element_type=\"container\" data-e-type=\"container\">\n\t\t\t\t<div class=\"elementor-element elementor-element-2d8ea3ed elementor-widget elementor-widget-heading\" data-id=\"2d8ea3ed\" data-element_type=\"widget\" data-e-type=\"widget\" data-widget_type=\"heading.default\">\n\t\t\t\t\t\t<div class=\"elementor-widget-container\">\n\t\t\t\t\t<h4 class=\"elementor-heading-title elementor-size-default\">Li\u00ean h\u1ec7 nhanh<\/h4>\t\t\t\t<\/div>\n\t\t\t\t<\/div>\n\t\t\t\t<div class=\"elementor-element elementor-element-598021ce elementor-widget elementor-widget-shortcode\" data-id=\"598021ce\" data-element_type=\"widget\" data-e-type=\"widget\" data-widget_type=\"shortcode.default\">\n\t\t\t\t\t\t<div class=\"elementor-widget-container\">\n\t\t\t\t\t\t\t<div class=\"elementor-shortcode\"><div class=\"forminator-ui forminator-custom-form forminator-custom-form-2751 forminator-design--default  forminator_ajax\" data-forminator-render=\"0\" data-form=\"forminator-module-2751\" data-uid=\"69f5b5eb41f1a\"><br\/><\/div><form\n\t\t\t\tid=\"forminator-module-2751\"\n\t\t\t\tclass=\"forminator-ui forminator-custom-form forminator-custom-form-2751 forminator-design--default  forminator_ajax\"\n\t\t\t\tmethod=\"post\"\n\t\t\t\tdata-forminator-render=\"0\"\n\t\t\t\tdata-form-id=\"2751\"\n\t\t\t\t data-color-option=\"default\" data-design=\"default\" data-grid=\"open\" style=\"display: none;\"\n\t\t\t\tdata-uid=\"69f5b5eb41f1a\" action=\"\"\n\t\t\t><div role=\"alert\" aria-live=\"polite\" class=\"forminator-response-message forminator-error\" aria-hidden=\"true\"><\/div><div class=\"forminator-row\"><div id=\"name-1\" class=\"forminator-field-name forminator-col forminator-col-12\"><div class=\"forminator-field\"><label for=\"forminator-field-name-1_69f5b5eb41f1a\" id=\"forminator-field-name-1_69f5b5eb41f1a-label\" class=\"forminator-label\">T\u00ean <span class=\"forminator-required\">*<\/span><\/label><input type=\"text\" name=\"name-1\" value=\"\" placeholder=\"\" id=\"forminator-field-name-1_69f5b5eb41f1a\" class=\"forminator-input forminator-name--field\" aria-required=\"true\" autocomplete=\"name\" \/><\/div><\/div><\/div><div class=\"forminator-row\"><div id=\"email-1\" class=\"forminator-field-email forminator-col forminator-col-12\"><div class=\"forminator-field\"><label for=\"forminator-field-email-1_69f5b5eb41f1a\" id=\"forminator-field-email-1_69f5b5eb41f1a-label\" class=\"forminator-label\">\u0110\u1ecba ch\u1ec9 email <span class=\"forminator-required\">*<\/span><\/label><input type=\"email\" name=\"email-1\" value=\"\" placeholder=\"\" id=\"forminator-field-email-1_69f5b5eb41f1a\" class=\"forminator-input forminator-email--field\" data-required=\"true\" aria-required=\"true\" autocomplete=\"email\" \/><\/div><\/div><\/div><input type=\"hidden\" name=\"referer_url\" value=\"\" \/><script src=\"https:\/\/challenges.cloudflare.com\/turnstile\/v0\/api.js?render=explicit&amp;ver=6.9.4\" id=\"cfturnstile-js\"><\/script>\n<style>#cf-turnstile-fmntr-2751 { margin-left: 0px !important; }<\/style>\t\t<div id=\"cf-turnstile-fmntr-2751\"\r\n\t\tclass=\"cf-turnstile\" \t\tdata-sitekey=\"0x4AAAAAACtQksCLGvzS9oum\"\r\n\t\tdata-theme=\"light\"\r\n\t\tdata-language=\"en-us\"\r\n\t\tdata-size=\"normal\"\r\n\t\tdata-retry=\"auto\" data-retry-interval=\"1000\"\r\n\t\tdata-refresh-expired=\"auto\"\r\n\t\tdata-refresh-timeout=\"auto\"\r\n\t\tdata-action=\"forminator-form-2751\"\r\n\t\tdata-callback=\"turnstileForminatorCallback\"\r\n\t\t\t\tdata-appearance=\"always\"><\/div>\r\n\t\t\t<script>document.addEventListener(\"DOMContentLoaded\", function() { setTimeout(function(){ var e=document.getElementById(\"cf-turnstile-fmntr-2751\"); if(e&&!e.innerHTML.trim()){turnstile.render(e, {sitekey:\"0x4AAAAAACtQksCLGvzS9oum\"});} }, 200); });<\/script>\r\n\t\t\t<br class=\"cf-turnstile-br cf-turnstile-br-fmntr-2751\">\r\n\t\t\t\t<style>#cf-turnstile-fmntr-2751 { margin-left: -15px; }<\/style>\r\n\t\t                        <script>\r\n            \/\/ On ajax.complete run turnstile.render if element is empty\r\n            jQuery(document).ajaxComplete(function() {\r\n                setTimeout(function() {\r\n                    if (document.getElementById('cf-turnstile-fmntr-2751')) {\r\n                        if(!document.getElementById('cf-turnstile-fmntr-2751').innerHTML.trim()) {\r\n                                turnstile.remove('#cf-turnstile-fmntr-2751');\r\n                                turnstile.render('#cf-turnstile-fmntr-2751');\r\n                        }\r\n                    }\r\n                }, 1000);\r\n            });\r\n            \/\/ Enable Submit Button Function\r\n            function turnstileForminatorCallback() {\r\n                document.querySelectorAll('.forminator-button, .forminator-button-submit').forEach(function(el) {\r\n                    el.style.pointerEvents = 'auto';\r\n                    el.style.opacity = '1';\r\n                });\r\n            }\r\n            \/\/ On submit re-render\r\n            jQuery(document).ready(function() {\r\n                jQuery('.forminator-custom-form').on('submit', function() {\r\n                    if(document.getElementById('cf-turnstile-fmntr-2751')) {\r\n                        setTimeout(function() {\r\n                            turnstile.remove('#cf-turnstile-fmntr-2751');\r\n                            turnstile.render('#cf-turnstile-fmntr-2751');\r\n                        }, 1000);\r\n                    }\r\n                });\r\n            });\r\n            <\/script>\r\n                        <div class=\"forminator-row forminator-row-last\"><div class=\"forminator-col\"><div class=\"forminator-field\"><button class=\"forminator-button forminator-button-submit\">\u0110\u0103ng k\u00fd<\/button><\/div><\/div><\/div><input type=\"hidden\" id=\"forminator_nonce\" name=\"forminator_nonce\" value=\"3c0f316c01\" \/><input type=\"hidden\" name=\"_wp_http_referer\" value=\"\/vi\/wp-json\/wp\/v2\/pages\/1684\" \/><input type=\"hidden\" name=\"form_id\" value=\"2751\"><input type=\"hidden\" name=\"page_id\" value=\"1684\"><input type=\"hidden\" name=\"form_type\" value=\"default\"><input type=\"hidden\" name=\"current_url\" value=\"https:\/\/alexandave.com\/vi\/sitemap\/\"><input type=\"hidden\" name=\"render_id\" value=\"0\"><input type=\"hidden\" name=\"action\" value=\"forminator_submit_form_custom-forms\"><input type=\"hidden\" name=\"trp-form-language\" value=\"vi\"\/><\/form><\/div>\n\t\t\t\t\t\t<\/div>\n\t\t\t\t<\/div>\n\t\t\t\t<\/div>\n\t\t\t\t<\/div>\n\t\t<div data-particle_enable=\"false\" data-particle-mobile-disabled=\"false\" class=\"elementor-element elementor-element-9c5a1b1 e-flex e-con-boxed e-con e-parent\" data-id=\"9c5a1b1\" data-element_type=\"container\" data-e-type=\"container\" data-settings=\"{&quot;background_background&quot;:&quot;classic&quot;}\">\n\t\t\t\t\t<div class=\"e-con-inner\">\n\t\t\t\t<div class=\"elementor-element elementor-element-b59d587 elementor-widget elementor-widget-text-editor\" data-id=\"b59d587\" data-element_type=\"widget\" data-e-type=\"widget\" data-widget_type=\"text-editor.default\">\n\t\t\t\t\t\t<div class=\"elementor-widget-container\">\n\t\t\t\t\t\t\t\t\t<p>B\u1ea3n quy\u1ec1n \u00a9 ALEXANDAVE INDUSTRIES CO., LTD. | \u0110\u01b0\u1ee3c ph\u00e1t tri\u1ec3n b\u1edfi <a href=\"https:\/\/www.cheerway.tw\" target=\"_blank\" rel=\"noopener\">Cheerway<\/a><\/p>\t\t\t\t\t\t\t\t<\/div>\n\t\t\t\t<\/div>\n\t\t\t\t\t<\/div>\n\t\t\t\t<\/div>\n\t\t\t\t<\/div>\n\t\t<\/div>\n\t\t\t\t\t\t<\/div>\n\t\t\t\t<\/div>\n\t\t\t\t\t<\/div>\n\t\t\t\t<\/div>\n\t\t\t\t<\/div>","protected":false},"excerpt":{"rendered":"<p>H1\u7b49\u7d1a\u526f\u6a19 \u6709\u8f49\u63db\u7387\u7684\u6a19\u8a9e Ornare dictum suspendisse corrupti class. Ipsum sit malesuada velit rutrum aenean laboriosam, magni facilisis optio.\u00a0Perferendis morb.<\/p>","protected":false},"author":1,"featured_media":0,"parent":0,"menu_order":98,"comment_status":"closed","ping_status":"closed","template":"","meta":{"inline_featured_image":false,"site-sidebar-layout":"no-sidebar","site-content-layout":"page-builder","ast-site-content-layout":"default","site-content-style":"default","site-sidebar-style":"default","ast-global-header-display":"","ast-banner-title-visibility":"","ast-main-header-display":"","ast-hfb-above-header-display":"","ast-hfb-below-header-display":"","ast-hfb-mobile-header-display":"","site-post-title":"disabled","ast-breadcrumbs-content":"","ast-featured-img":"disabled","footer-sml-layout":"","ast-disable-related-posts":"","theme-transparent-header-meta":"disabled","adv-header-id-meta":"","stick-header-meta":"","header-above-stick-meta":"","header-main-stick-meta":"","header-below-stick-meta":"","astra-migrate-meta-layouts":"default","ast-page-background-enabled":"default","ast-page-background-meta":{"desktop":{"background-color":"","background-image":"","background-repeat":"repeat","background-position":"center center","background-size":"auto","background-attachment":"scroll","background-type":"","background-media":"","overlay-type":"","overlay-color":"","overlay-opacity":"","overlay-gradient":""},"tablet":{"background-color":"","background-image":"","background-repeat":"repeat","background-position":"center center","background-size":"auto","background-attachment":"scroll","background-type":"","background-media":"","overlay-type":"","overlay-color":"","overlay-opacity":"","overlay-gradient":""},"mobile":{"background-color":"","background-image":"","background-repeat":"repeat","background-position":"center center","background-size":"auto","background-attachment":"scroll","background-type":"","background-media":"","overlay-type":"","overlay-color":"","overlay-opacity":"","overlay-gradient":""}},"ast-content-background-meta":{"desktop":{"background-color":"var(--ast-global-color-5)","background-image":"","background-repeat":"repeat","background-position":"center center","background-size":"auto","background-attachment":"scroll","background-type":"","background-media":"","overlay-type":"","overlay-color":"","overlay-opacity":"","overlay-gradient":""},"tablet":{"background-color":"var(--ast-global-color-5)","background-image":"","background-repeat":"repeat","background-position":"center center","background-size":"auto","background-attachment":"scroll","background-type":"","background-media":"","overlay-type":"","overlay-color":"","overlay-opacity":"","overlay-gradient":""},"mobile":{"background-color":"var(--ast-global-color-5)","background-image":"","background-repeat":"repeat","background-position":"center center","background-size":"auto","background-attachment":"scroll","background-type":"","background-media":"","overlay-type":"","overlay-color":"","overlay-opacity":"","overlay-gradient":""}},"footnotes":""},"class_list":["post-1684","page","type-page","status-publish","hentry"],"_links":{"self":[{"href":"https:\/\/alexandave.com\/vi\/wp-json\/wp\/v2\/pages\/1684","targetHints":{"allow":["GET"]}}],"collection":[{"href":"https:\/\/alexandave.com\/vi\/wp-json\/wp\/v2\/pages"}],"about":[{"href":"https:\/\/alexandave.com\/vi\/wp-json\/wp\/v2\/types\/page"}],"author":[{"embeddable":true,"href":"https:\/\/alexandave.com\/vi\/wp-json\/wp\/v2\/users\/1"}],"replies":[{"embeddable":true,"href":"https:\/\/alexandave.com\/vi\/wp-json\/wp\/v2\/comments?post=1684"}],"version-history":[{"count":10,"href":"https:\/\/alexandave.com\/vi\/wp-json\/wp\/v2\/pages\/1684\/revisions"}],"predecessor-version":[{"id":2781,"href":"https:\/\/alexandave.com\/vi\/wp-json\/wp\/v2\/pages\/1684\/revisions\/2781"}],"wp:attachment":[{"href":"https:\/\/alexandave.com\/vi\/wp-json\/wp\/v2\/media?parent=1684"}],"curies":[{"name":"wp","href":"https:\/\/api.w.org\/{rel}","templated":true}]}}